{"id":42,"date":"2023-05-04T22:49:51","date_gmt":"2023-05-05T03:49:51","guid":{"rendered":"https:\/\/jacorfwd.com\/?page_id=42"},"modified":"2023-05-05T08:51:44","modified_gmt":"2023-05-05T13:51:44","slug":"home","status":"publish","type":"page","link":"https:\/\/www.jacorfwd.com\/es\/","title":{"rendered":"INICIO"},"content":{"rendered":"<p class=\"has-medium-font-size\">Jacor Freight Forwarding es un proveedor l\u00edder de servicios de log\u00edstica, transporte y aduanas con a\u00f1os de experiencia en la industria. Nos enorgullece ofrecer soluciones fiables, eficientes y rentables a nuestros clientes.<\/p>\n\n\n\n<p class=\"has-medium-font-size\">Nuestro equipo de expertos est\u00e1 dedicado a brindar servicios personalizados que satisfagan las necesidades \u00fanicas de cada cliente. Ya sea que necesite asistencia con la expedici\u00f3n de mercanc\u00edas, el transporte o el despacho aduanero, tenemos la experiencia para hacer el trabajo correctamente.<\/p>","protected":false},"excerpt":{"rendered":"<p>Jacor Freight Forwarding is a leading logistics, transport and customs service provider with years of experience in the industry. We pride ourselves on offering reliable, efficient and cost-effective solutions to our clients. Our team of experts is dedicated to providing personalized services that meet the unique needs of each client. Whether you need assistance with&#8230;<\/p>\n<p class=\"more-link\"><a href=\"https:\/\/www.jacorfwd.com\/es\/\"><span>Read More<\/span><i>&#43;<\/i><\/a><\/p>","protected":false},"author":1,"featured_media":0,"parent":0,"menu_order":0,"comment_status":"closed","ping_status":"closed","template":"page-template\/home-template.php","meta":{"footnotes":""},"class_list":["post-42","page","type-page","status-publish","hentry"],"_links":{"self":[{"href":"https:\/\/www.jacorfwd.com\/es\/wp-json\/wp\/v2\/pages\/42","targetHints":{"allow":["GET"]}}],"collection":[{"href":"https:\/\/www.jacorfwd.com\/es\/wp-json\/wp\/v2\/pages"}],"about":[{"href":"https:\/\/www.jacorfwd.com\/es\/wp-json\/wp\/v2\/types\/page"}],"author":[{"embeddable":true,"href":"https:\/\/www.jacorfwd.com\/es\/wp-json\/wp\/v2\/users\/1"}],"replies":[{"embeddable":true,"href":"https:\/\/www.jacorfwd.com\/es\/wp-json\/wp\/v2\/comments?post=42"}],"version-history":[{"count":0,"href":"https:\/\/www.jacorfwd.com\/es\/wp-json\/wp\/v2\/pages\/42\/revisions"}],"wp:attachment":[{"href":"https:\/\/www.jacorfwd.com\/es\/wp-json\/wp\/v2\/media?parent=42"}],"curies":[{"name":"wp","href":"https:\/\/api.w.org\/{rel}","templated":true}]}}