{"id":5,"date":"2023-05-05T01:50:47","date_gmt":"2023-05-05T01:50:47","guid":{"rendered":"https:\/\/jacorfwd.com\/?page_id=5"},"modified":"2023-05-09T12:19:19","modified_gmt":"2023-05-09T17:19:19","slug":"services","status":"publish","type":"page","link":"https:\/\/www.jacorfwd.com\/es\/services\/","title":{"rendered":"SERVICIOS"},"content":{"rendered":"<div class=\"wp-block-group is-vertical is-layout-flex wp-container-core-group-is-layout-8cf370e7 wp-block-group-is-layout-flex\">\n<div class=\"wp-block-group has-black-color has-light-green-cyan-background-color has-text-color has-background has-medium-font-size is-nowrap is-layout-flex wp-container-core-group-is-layout-ad2f72ca wp-block-group-is-layout-flex\">\n<div class=\"wp-block-media-text alignwide is-stacked-on-mobile\"><figure class=\"wp-block-media-text__media\"><img loading=\"lazy\" decoding=\"async\" width=\"300\" height=\"196\" src=\"https:\/\/jacorfwd.com\/wp-content\/uploads\/2023\/05\/My-project-1-4-300x196.png\" alt=\"Distribution center\" class=\"wp-image-87 size-medium\" srcset=\"https:\/\/www.jacorfwd.com\/wp-content\/uploads\/2023\/05\/My-project-1-4-300x196.png 300w, https:\/\/www.jacorfwd.com\/wp-content\/uploads\/2023\/05\/My-project-1-4-1024x668.png 1024w, https:\/\/www.jacorfwd.com\/wp-content\/uploads\/2023\/05\/My-project-1-4-768x501.png 768w, https:\/\/www.jacorfwd.com\/wp-content\/uploads\/2023\/05\/My-project-1-4-1536x1002.png 1536w, https:\/\/www.jacorfwd.com\/wp-content\/uploads\/2023\/05\/My-project-1-4.png 1801w\" sizes=\"auto, (max-width: 300px) 100vw, 300px\" \/><\/figure><div class=\"wp-block-media-text__content\">\n<h2 class=\"wp-block-heading\">DISTRIBUCION<\/h2>\n\n\n\n<p>Con nuestros servicios de distribuci\u00f3n puede consolidar y optimizar su inventario para satisfacer sus necesidades. <\/p>\n<\/div><\/div>\n<\/div>\n<\/div>\n\n\n\n<div class=\"wp-block-group is-nowrap is-layout-flex wp-container-core-group-is-layout-ad2f72ca wp-block-group-is-layout-flex\">\n<div class=\"wp-block-media-text alignwide has-media-on-the-right is-stacked-on-mobile has-pale-cyan-blue-background-color has-background\"><div class=\"wp-block-media-text__content\">\n<h2 class=\"wp-block-heading\">TRANSPORTE<\/h2>\n\n\n\n<p class=\"has-medium-font-size\">Ofrecemos una amplia gama de opciones de transporte que se ajustan a cada operaci\u00f3n. <\/p>\n<\/div><figure class=\"wp-block-media-text__media\"><img loading=\"lazy\" decoding=\"async\" width=\"1024\" height=\"592\" src=\"http:\/\/jacorfwd.com\/wp-content\/uploads\/2023\/05\/My-project-1-6-1024x592.png\" alt=\"\" class=\"wp-image-93 size-full\" srcset=\"https:\/\/www.jacorfwd.com\/wp-content\/uploads\/2023\/05\/My-project-1-6-1024x592.png 1024w, https:\/\/www.jacorfwd.com\/wp-content\/uploads\/2023\/05\/My-project-1-6-300x173.png 300w, https:\/\/www.jacorfwd.com\/wp-content\/uploads\/2023\/05\/My-project-1-6-768x444.png 768w, https:\/\/www.jacorfwd.com\/wp-content\/uploads\/2023\/05\/My-project-1-6-1536x888.png 1536w, https:\/\/www.jacorfwd.com\/wp-content\/uploads\/2023\/05\/My-project-1-6.png 1748w\" sizes=\"auto, (max-width: 1024px) 100vw, 1024px\" \/><\/figure><\/div>\n<\/div>\n\n\n\n<div class=\"wp-block-group has-luminous-vivid-amber-background-color has-background is-nowrap is-layout-flex wp-container-core-group-is-layout-ad2f72ca wp-block-group-is-layout-flex\">\n<div class=\"wp-block-media-text alignwide is-stacked-on-mobile\"><figure class=\"wp-block-media-text__media\"><img loading=\"lazy\" decoding=\"async\" width=\"1024\" height=\"671\" src=\"https:\/\/jacorfwd.com\/wp-content\/uploads\/2023\/05\/My-project-1-7-1024x671.png\" alt=\"\" class=\"wp-image-95 size-full\" srcset=\"https:\/\/www.jacorfwd.com\/wp-content\/uploads\/2023\/05\/My-project-1-7-1024x671.png 1024w, https:\/\/www.jacorfwd.com\/wp-content\/uploads\/2023\/05\/My-project-1-7-300x197.png 300w, https:\/\/www.jacorfwd.com\/wp-content\/uploads\/2023\/05\/My-project-1-7-768x503.png 768w, https:\/\/www.jacorfwd.com\/wp-content\/uploads\/2023\/05\/My-project-1-7-1536x1007.png 1536w, https:\/\/www.jacorfwd.com\/wp-content\/uploads\/2023\/05\/My-project-1-7.png 1805w\" sizes=\"auto, (max-width: 1024px) 100vw, 1024px\" \/><\/figure><div class=\"wp-block-media-text__content\">\n<h2 class=\"wp-block-heading\">LOG\u00cdSTICA<\/h2>\n\n\n\n<p class=\"has-medium-font-size\">Nuestros servicios incluyen transporte a\u00e9reo, mar\u00edtimo y terrestre, as\u00ed como almacenamiento y distribuci\u00f3n. Trabajamos con una red global de transportistas y agentes para garantizar que su carga se entregue a tiempo y en perfecto estado.<\/p>\n<\/div><\/div>\n<\/div>\n\n\n\n<div class=\"wp-block-group has-vivid-green-cyan-background-color has-background is-nowrap is-layout-flex wp-container-core-group-is-layout-ad2f72ca wp-block-group-is-layout-flex\">\n<div class=\"wp-block-media-text alignwide has-media-on-the-right is-stacked-on-mobile\"><div class=\"wp-block-media-text__content\">\n<h2 class=\"wp-block-heading\">CONSULTORIA<\/h2>\n\n\n\n<p class=\"has-medium-font-size\">Nuestro equipo de expertos est\u00e1 disponible 24 horas al d\u00eda para brindar soporte y responder a cualquier pregunta que usted pueda tener. Estamos comprometidos a construir relaciones a largo plazo con nuestros clientes basados en la confianza, la fiabilidad y un servicio excepcional.<\/p>\n<\/div><figure class=\"wp-block-media-text__media\"><img loading=\"lazy\" decoding=\"async\" width=\"1024\" height=\"682\" src=\"https:\/\/jacorfwd.com\/wp-content\/uploads\/2023\/05\/My-project-1-8-1024x682.png\" alt=\"\" class=\"wp-image-96 size-full\" srcset=\"https:\/\/www.jacorfwd.com\/wp-content\/uploads\/2023\/05\/My-project-1-8-1024x682.png 1024w, https:\/\/www.jacorfwd.com\/wp-content\/uploads\/2023\/05\/My-project-1-8-300x200.png 300w, https:\/\/www.jacorfwd.com\/wp-content\/uploads\/2023\/05\/My-project-1-8-768x512.png 768w, https:\/\/www.jacorfwd.com\/wp-content\/uploads\/2023\/05\/My-project-1-8-1536x1024.png 1536w, https:\/\/www.jacorfwd.com\/wp-content\/uploads\/2023\/05\/My-project-1-8-380x254.png 380w, https:\/\/www.jacorfwd.com\/wp-content\/uploads\/2023\/05\/My-project-1-8.png 1802w\" sizes=\"auto, (max-width: 1024px) 100vw, 1024px\" \/><\/figure><\/div>\n<\/div>","protected":false},"excerpt":{"rendered":"<p>Distribution With our distribution services you can consolidate and optimize your inventory to meet your needs. Transportation We offer a wide range of transportation options that are tailored to each operation. Logistics Our services include air, sea and land transportation, as well as warehousing and distribution. We work with a global network of carriers and&#8230;<\/p>\n<p class=\"more-link\"><a href=\"https:\/\/www.jacorfwd.com\/es\/services\/\"><span>Read More<\/span><i>&#43;<\/i><\/a><\/p>","protected":false},"author":1,"featured_media":0,"parent":0,"menu_order":0,"comment_status":"closed","ping_status":"closed","template":"","meta":{"footnotes":""},"class_list":["post-5","page","type-page","status-publish","hentry"],"_links":{"self":[{"href":"https:\/\/www.jacorfwd.com\/es\/wp-json\/wp\/v2\/pages\/5","targetHints":{"allow":["GET"]}}],"collection":[{"href":"https:\/\/www.jacorfwd.com\/es\/wp-json\/wp\/v2\/pages"}],"about":[{"href":"https:\/\/www.jacorfwd.com\/es\/wp-json\/wp\/v2\/types\/page"}],"author":[{"embeddable":true,"href":"https:\/\/www.jacorfwd.com\/es\/wp-json\/wp\/v2\/users\/1"}],"replies":[{"embeddable":true,"href":"https:\/\/www.jacorfwd.com\/es\/wp-json\/wp\/v2\/comments?post=5"}],"version-history":[{"count":0,"href":"https:\/\/www.jacorfwd.com\/es\/wp-json\/wp\/v2\/pages\/5\/revisions"}],"wp:attachment":[{"href":"https:\/\/www.jacorfwd.com\/es\/wp-json\/wp\/v2\/media?parent=5"}],"curies":[{"name":"wp","href":"https:\/\/api.w.org\/{rel}","templated":true}]}}